{"id":455,"date":"2026-04-19T23:15:09","date_gmt":"2026-04-19T23:15:09","guid":{"rendered":"https:\/\/filmservicekoeln.de\/?post_type=product&#038;p=455"},"modified":"2026-04-19T23:15:18","modified_gmt":"2026-04-19T23:15:18","slug":"buegeleisen-dampfbuegeleisen-polti-dampfstation-vaporella","status":"publish","type":"product","link":"https:\/\/filmservicekoeln.de\/?product=buegeleisen-dampfbuegeleisen-polti-dampfstation-vaporella","title":{"rendered":"B\u00fcgeleisen Dampfb\u00fcgeleisen POLTI Dampfstation Vaporella"},"content":{"rendered":"<h4 class=\"text-blue-shade-60 text-[20px] mdl:text-2xl mb-0 subpixel-antialiased font-black leading-[1.09375] [overflow-wrap:anywhere]\">POLTI Dampfstation Vaporella 2HP 1750 W Schwarz POL-006<\/h4>\n<p>Wenn Sie auf der Suche nach einem Dampfb\u00fcgeleisen sind, das einfach zu bedienen ist und eine hervorragende B\u00fcgelleistung bietet, ist das Vaporella 2HP Dampfb\u00fcgeleisen von POLTI eine gute Wahl. Dieses Ger\u00e4t erzeugt, dank seiner hohen Leistung von 1.750 W, Dampf mit einer Leistung von bis zu 80 g \/ min. Das Dampfb\u00fcgeleisen hat einen gro\u00dfen Wasserbeh\u00e4lter, der 1,3 Liter fasst und sehr einfach zu bedienen ist. Dieses B\u00fcgeleisen verf\u00fcgt \u00fcber einen isolierten Korkgriff, eine abnehmbare B\u00fcgelmatte aus rutschfestem Silikon und ist mit einer dicken Aluminiumplatte ausgestattet, die sehr stark und haltbar ist. Zwei Stunden lang zu b\u00fcgeln ist mit diesem Dampfb\u00fcgeleisen kein Problem.<\/p>\n","protected":false},"excerpt":{"rendered":"<p>POLTI Dampfstation Vaporella 2HP 1750 W Schwarz POL-006 Wenn Sie auf der Suche nach einem Dampfb\u00fcgeleisen sind, das einfach zu bedienen ist und eine hervorragende B\u00fcgelleistung bietet, ist das Vaporella 2HP Dampfb\u00fcgeleisen von POLTI eine gute Wahl. Dieses Ger\u00e4t erzeugt, dank seiner hohen Leistung von 1.750 W, Dampf mit einer Leistung von bis zu 80 [&hellip;]<\/p>\n","protected":false},"featured_media":485,"comment_status":"closed","ping_status":"closed","template":"","meta":[],"product_brand":[],"product_cat":[37],"product_tag":[],"class_list":{"0":"post-455","1":"product","2":"type-product","3":"status-publish","4":"has-post-thumbnail","6":"product_cat-kostuem","8":"first","9":"instock","10":"shipping-taxable","11":"purchasable","12":"product-type-simple"},"_links":{"self":[{"href":"https:\/\/filmservicekoeln.de\/index.php?rest_route=\/wp\/v2\/product\/455","targetHints":{"allow":["GET"]}}],"collection":[{"href":"https:\/\/filmservicekoeln.de\/index.php?rest_route=\/wp\/v2\/product"}],"about":[{"href":"https:\/\/filmservicekoeln.de\/index.php?rest_route=\/wp\/v2\/types\/product"}],"replies":[{"embeddable":true,"href":"https:\/\/filmservicekoeln.de\/index.php?rest_route=%2Fwp%2Fv2%2Fcomments&post=455"}],"wp:featuredmedia":[{"embeddable":true,"href":"https:\/\/filmservicekoeln.de\/index.php?rest_route=\/wp\/v2\/media\/485"}],"wp:attachment":[{"href":"https:\/\/filmservicekoeln.de\/index.php?rest_route=%2Fwp%2Fv2%2Fmedia&parent=455"}],"wp:term":[{"taxonomy":"product_brand","embeddable":true,"href":"https:\/\/filmservicekoeln.de\/index.php?rest_route=%2Fwp%2Fv2%2Fproduct_brand&post=455"},{"taxonomy":"product_cat","embeddable":true,"href":"https:\/\/filmservicekoeln.de\/index.php?rest_route=%2Fwp%2Fv2%2Fproduct_cat&post=455"},{"taxonomy":"product_tag","embeddable":true,"href":"https:\/\/filmservicekoeln.de\/index.php?rest_route=%2Fwp%2Fv2%2Fproduct_tag&post=455"}],"curies":[{"name":"wp","href":"https:\/\/api.w.org\/{rel}","templated":true}]}}