{"id":393,"date":"2026-04-19T23:14:50","date_gmt":"2026-04-19T23:14:50","guid":{"rendered":"https:\/\/filmservicekoeln.de\/?post_type=product&#038;p=393"},"modified":"2026-04-19T23:15:05","modified_gmt":"2026-04-19T23:15:05","slug":"hochsitz-fuer-maskenplatz","status":"publish","type":"product","link":"https:\/\/filmservicekoeln.de\/?product=hochsitz-fuer-maskenplatz","title":{"rendered":"Hochsitz fu\u0308r Maskenplatz"},"content":{"rendered":"<ul class=\"css-3pn4ks\">\n<li class=\"css-23m3mf\">\n<div class=\"css-1hq8gmi\">Material: Metall,\u00a0<span class=\"keyword\" tabindex=\"0\" role=\"button\" data-testid=\"keyword\" data-abstract=\"Kunstleder ist eine g\u00fcnstige Alternative f\u00fcr Echtleder bei Polsterm\u00f6beln. Kunstleder ist vielseitig und sehr robust. Es f\u00fchlt sich d\u00fcnner an als Echtleder und hat eine glattere, regelm\u00e4\u00dfige Textur. Au\u00dferdem ist Kunstleder pflegeleicht, entwickelt daf\u00fcr im Gegensatz zu Echtleder keine Patina.\">Kunstleder<\/span><\/div>\n<\/li>\n<li>H\u00f6henverstellbar mit Fu\u00dftritt<\/li>\n<\/ul>\n","protected":false},"excerpt":{"rendered":"<p>Material: Metall,\u00a0Kunstleder H\u00f6henverstellbar mit Fu\u00dftritt<\/p>\n","protected":false},"featured_media":442,"comment_status":"closed","ping_status":"closed","template":"","meta":[],"product_brand":[],"product_cat":[37,25],"product_tag":[],"class_list":{"0":"post-393","1":"product","2":"type-product","3":"status-publish","4":"has-post-thumbnail","6":"product_cat-kostuem","7":"product_cat-maske","9":"first","10":"instock","11":"shipping-taxable","12":"purchasable","13":"product-type-simple"},"_links":{"self":[{"href":"https:\/\/filmservicekoeln.de\/index.php?rest_route=\/wp\/v2\/product\/393","targetHints":{"allow":["GET"]}}],"collection":[{"href":"https:\/\/filmservicekoeln.de\/index.php?rest_route=\/wp\/v2\/product"}],"about":[{"href":"https:\/\/filmservicekoeln.de\/index.php?rest_route=\/wp\/v2\/types\/product"}],"replies":[{"embeddable":true,"href":"https:\/\/filmservicekoeln.de\/index.php?rest_route=%2Fwp%2Fv2%2Fcomments&post=393"}],"wp:featuredmedia":[{"embeddable":true,"href":"https:\/\/filmservicekoeln.de\/index.php?rest_route=\/wp\/v2\/media\/442"}],"wp:attachment":[{"href":"https:\/\/filmservicekoeln.de\/index.php?rest_route=%2Fwp%2Fv2%2Fmedia&parent=393"}],"wp:term":[{"taxonomy":"product_brand","embeddable":true,"href":"https:\/\/filmservicekoeln.de\/index.php?rest_route=%2Fwp%2Fv2%2Fproduct_brand&post=393"},{"taxonomy":"product_cat","embeddable":true,"href":"https:\/\/filmservicekoeln.de\/index.php?rest_route=%2Fwp%2Fv2%2Fproduct_cat&post=393"},{"taxonomy":"product_tag","embeddable":true,"href":"https:\/\/filmservicekoeln.de\/index.php?rest_route=%2Fwp%2Fv2%2Fproduct_tag&post=393"}],"curies":[{"name":"wp","href":"https:\/\/api.w.org\/{rel}","templated":true}]}}