{"id":338,"date":"2026-04-19T23:14:27","date_gmt":"2026-04-19T23:14:27","guid":{"rendered":"https:\/\/filmservicekoeln.de\/?post_type=product&#038;p=338"},"modified":"2026-04-19T23:14:48","modified_gmt":"2026-04-19T23:14:48","slug":"heizluefter-elektro-18kw-profi-32a","status":"publish","type":"product","link":"https:\/\/filmservicekoeln.de\/?product=heizluefter-elektro-18kw-profi-32a","title":{"rendered":"Heizl\u00fcfter Elektro 18kW &#8211; Profi (32A)"},"content":{"rendered":"<p>Die robuste Stufenschaltung des TEH\u00a0100 erm\u00f6glicht f\u00fcr jede Einsatzanforderung eine bedarfsgerechte Heizleistungsdosierung. Stufe eins aktiviert das Gebl\u00e4se und die Stufen zwei bis vier erh\u00f6hen parallel dazu dreistufig die Heizleistung bis zum Maximalwert von 18\u00a0kW.<\/p>\n<p>Bei Lagerung oder Transport l\u00e4sst sich das multistapelf\u00e4hige Elektroheizger\u00e4t dank identischer Stapelnut flexibel mit dimensionsgleichen Modellen wie dem TEH\u00a070 in beliebiger Kombination platzsparend stapeln, und beim Einsatz k\u00f6nnen individuelle Beheizungsaufbauten realisiert werden, zum Beispiel 180-Grad-Stapelinstallationen zum kombinierten Lufttransport in mehrere Richtungen.<\/p>\n","protected":false},"excerpt":{"rendered":"<ul>\n<li>Besonders strapazierf\u00e4hige Stahlblechkonstruktion mit widerstandsf\u00e4higer Schutzlackierung<\/li>\n<li>Str\u00f6mungsoptimiertes Chassis f\u00fcr einen fokussierten, verwirbelungsfreien W\u00e4rmeluftstrom<\/li>\n<li>Praktische Stapelnut f\u00fcr standsichere, platzsparende Lagerung und Transport<\/li>\n<li>Minimierte Au\u00dfenummantelaufheizung durch doppelwandiges Geh\u00e4usemodell<\/li>\n<li>Extrem wartungsfreundliche Bauart<\/li>\n<li>Robuste Trotec-Ergo-Griffmulden mit innenliegendem Grip-Clip bieten optimalen Halt beim Tragen<\/li>\n<li>Praxisoptimiertes deutsches Industriedesign &#8211; gesch\u00fctztes Geschmacksmuster<\/li>\n<li>Multistapelf\u00e4higkeit mit dimensionsgleichen Modellen<\/li>\n<li><\/li>\n<\/ul>\n","protected":false},"featured_media":372,"comment_status":"closed","ping_status":"closed","template":"","meta":[],"product_brand":[],"product_cat":[21],"product_tag":[22,23,24],"class_list":{"0":"post-338","1":"product","2":"type-product","3":"status-publish","4":"has-post-thumbnail","6":"product_cat-set-al-equipment","7":"product_tag-elektroheizer","8":"product_tag-heizer","9":"product_tag-heizung","11":"first","12":"instock","13":"shipping-taxable","14":"purchasable","15":"product-type-simple"},"_links":{"self":[{"href":"https:\/\/filmservicekoeln.de\/index.php?rest_route=\/wp\/v2\/product\/338","targetHints":{"allow":["GET"]}}],"collection":[{"href":"https:\/\/filmservicekoeln.de\/index.php?rest_route=\/wp\/v2\/product"}],"about":[{"href":"https:\/\/filmservicekoeln.de\/index.php?rest_route=\/wp\/v2\/types\/product"}],"replies":[{"embeddable":true,"href":"https:\/\/filmservicekoeln.de\/index.php?rest_route=%2Fwp%2Fv2%2Fcomments&post=338"}],"wp:featuredmedia":[{"embeddable":true,"href":"https:\/\/filmservicekoeln.de\/index.php?rest_route=\/wp\/v2\/media\/372"}],"wp:attachment":[{"href":"https:\/\/filmservicekoeln.de\/index.php?rest_route=%2Fwp%2Fv2%2Fmedia&parent=338"}],"wp:term":[{"taxonomy":"product_brand","embeddable":true,"href":"https:\/\/filmservicekoeln.de\/index.php?rest_route=%2Fwp%2Fv2%2Fproduct_brand&post=338"},{"taxonomy":"product_cat","embeddable":true,"href":"https:\/\/filmservicekoeln.de\/index.php?rest_route=%2Fwp%2Fv2%2Fproduct_cat&post=338"},{"taxonomy":"product_tag","embeddable":true,"href":"https:\/\/filmservicekoeln.de\/index.php?rest_route=%2Fwp%2Fv2%2Fproduct_tag&post=338"}],"curies":[{"name":"wp","href":"https:\/\/api.w.org\/{rel}","templated":true}]}}