{"id":327,"date":"2026-04-19T23:14:26","date_gmt":"2026-04-19T23:14:26","guid":{"rendered":"https:\/\/filmservicekoeln.de\/?post_type=product&#038;p=327"},"modified":"2026-04-19T23:14:42","modified_gmt":"2026-04-19T23:14:42","slug":"schutzkontakt-verlaengerungsleitung-1m-mit-3-fach-kupplung","status":"publish","type":"product","link":"https:\/\/filmservicekoeln.de\/?product=schutzkontakt-verlaengerungsleitung-1m-mit-3-fach-kupplung","title":{"rendered":"Schutzkontakt-Verl\u00e4ngerungs\u00adleitung 1m mit 3-fach-Kupplung"},"content":{"rendered":"<ul class=\"wp-elektron-bullet9\">\n<li>Mit ELPUR\u00ae-Leitung 3G1,5 \u2013 3G2,5<\/li>\n<li>3-fach-Kupplung mit drehbarem Steckverschluss<\/li>\n<li>5- bis 7-mal l\u00e4ngere Lebensdauer als Gummileitung<\/li>\n<li>30% Gewichts- und Volumeneinsparung zu H07RN-F<\/li>\n<li>Schnitt-, abrieb, kerbschlag- und rei\u00dffest (Tragorgan)<\/li>\n<li>Wei\u00dfe Innenfarbe: Mantelsch\u00e4den sofort sichtbar<\/li>\n<li>Flexibel auch bei K\u00e4lte bis \u201340 \u00b0C<\/li>\n<li>ELPOL\u00ae-Schutzkontaktstecker und -kupplung<\/li>\n<li>Optional: ELPOL\u00ae-Dreifachkupplung<\/li>\n<li>Knickschutzt\u00fclle IP68 an der Leitungseinf\u00fchrung<\/li>\n<li>Formstabil und \u00fcberrollsicher<\/li>\n<li>Spannungsanzeige in der Kupplung<\/li>\n<li>Spezielle Schnappwulst sichert festen Sitz des Steckers<\/li>\n<li>Selbstschlie\u00dfende Klappdeckel<\/li>\n<li>Tragorgan montiert an doppelter Zugentlastung:\n<ul>\n<li>Glasfaserverst\u00e4rkt mit Widerhaken<\/li>\n<li>Schnellverschraubung IP68 an der Leitungseinf\u00fchrung<\/li>\n<\/ul>\n<\/li>\n<li>Witterungs- und UV-best\u00e4ndig<\/li>\n<\/ul>\n","protected":false},"excerpt":{"rendered":"<p>Mit ELPUR\u00ae-Leitung 3G1,5 \u2013 3G2,5 3-fach-Kupplung mit drehbarem Steckverschluss 5- bis 7-mal l\u00e4ngere Lebensdauer als Gummileitung 30% Gewichts- und Volumeneinsparung zu H07RN-F Schnitt-, abrieb, kerbschlag- und rei\u00dffest (Tragorgan) Wei\u00dfe Innenfarbe: Mantelsch\u00e4den sofort sichtbar Flexibel auch bei K\u00e4lte bis \u201340 \u00b0C ELPOL\u00ae-Schutzkontaktstecker und -kupplung Optional: ELPOL\u00ae-Dreifachkupplung Knickschutzt\u00fclle IP68 an der Leitungseinf\u00fchrung Formstabil und \u00fcberrollsicher Spannungsanzeige in [&hellip;]<\/p>\n","protected":false},"featured_media":365,"comment_status":"closed","ping_status":"closed","template":"","meta":[],"product_brand":[],"product_cat":[21],"product_tag":[22,23,24],"class_list":{"0":"post-327","1":"product","2":"type-product","3":"status-publish","4":"has-post-thumbnail","6":"product_cat-set-al-equipment","7":"product_tag-elektroheizer","8":"product_tag-heizer","9":"product_tag-heizung","11":"first","12":"instock","13":"shipping-taxable","14":"purchasable","15":"product-type-simple"},"_links":{"self":[{"href":"https:\/\/filmservicekoeln.de\/index.php?rest_route=\/wp\/v2\/product\/327","targetHints":{"allow":["GET"]}}],"collection":[{"href":"https:\/\/filmservicekoeln.de\/index.php?rest_route=\/wp\/v2\/product"}],"about":[{"href":"https:\/\/filmservicekoeln.de\/index.php?rest_route=\/wp\/v2\/types\/product"}],"replies":[{"embeddable":true,"href":"https:\/\/filmservicekoeln.de\/index.php?rest_route=%2Fwp%2Fv2%2Fcomments&post=327"}],"wp:featuredmedia":[{"embeddable":true,"href":"https:\/\/filmservicekoeln.de\/index.php?rest_route=\/wp\/v2\/media\/365"}],"wp:attachment":[{"href":"https:\/\/filmservicekoeln.de\/index.php?rest_route=%2Fwp%2Fv2%2Fmedia&parent=327"}],"wp:term":[{"taxonomy":"product_brand","embeddable":true,"href":"https:\/\/filmservicekoeln.de\/index.php?rest_route=%2Fwp%2Fv2%2Fproduct_brand&post=327"},{"taxonomy":"product_cat","embeddable":true,"href":"https:\/\/filmservicekoeln.de\/index.php?rest_route=%2Fwp%2Fv2%2Fproduct_cat&post=327"},{"taxonomy":"product_tag","embeddable":true,"href":"https:\/\/filmservicekoeln.de\/index.php?rest_route=%2Fwp%2Fv2%2Fproduct_tag&post=327"}],"curies":[{"name":"wp","href":"https:\/\/api.w.org\/{rel}","templated":true}]}}