{"id":325,"date":"2026-04-19T23:14:26","date_gmt":"2026-04-19T23:14:26","guid":{"rendered":"https:\/\/filmservicekoeln.de\/?post_type=product&#038;p=325"},"modified":"2026-04-19T23:14:40","modified_gmt":"2026-04-19T23:14:40","slug":"elektroheizer-max-55kw-16a","status":"publish","type":"product","link":"https:\/\/filmservicekoeln.de\/?product=elektroheizer-max-55kw-16a","title":{"rendered":"Elektroheizer (max. 5,5kW) &#8211; 16A"},"content":{"rendered":"<p>Der Elektroheizer TDS 30 bringt in 3 Stufen zwischen 2,75 kW und 5,5 kW (Stufe 1 nur Gebl\u00e4se). Dar\u00fcber hinaus verf\u00fcgt der TDS 30 sowohl \u00fcber ein integriertes Thermostat, als auch \u00fcber ein integriertes Anschlusskabel (L\u00e4nge 1,6 m).<\/p>\n","protected":false},"excerpt":{"rendered":"<ul>\n<li>Befestigungsvorbereitung f\u00fcr Wand- oder Deckenmontage<\/li>\n<li>Platzsparend und standsicher stapelbar<\/li>\n<li>Serienm\u00e4\u00dfig mit Luftleitblech<\/li>\n<li>Schutzvertiefte Regler<\/li>\n<\/ul>\n","protected":false},"featured_media":359,"comment_status":"closed","ping_status":"closed","template":"","meta":[],"product_brand":[],"product_cat":[21],"product_tag":[22,23,24],"class_list":{"0":"post-325","1":"product","2":"type-product","3":"status-publish","4":"has-post-thumbnail","6":"product_cat-set-al-equipment","7":"product_tag-elektroheizer","8":"product_tag-heizer","9":"product_tag-heizung","11":"first","12":"instock","13":"shipping-taxable","14":"purchasable","15":"product-type-simple"},"_links":{"self":[{"href":"https:\/\/filmservicekoeln.de\/index.php?rest_route=\/wp\/v2\/product\/325","targetHints":{"allow":["GET"]}}],"collection":[{"href":"https:\/\/filmservicekoeln.de\/index.php?rest_route=\/wp\/v2\/product"}],"about":[{"href":"https:\/\/filmservicekoeln.de\/index.php?rest_route=\/wp\/v2\/types\/product"}],"replies":[{"embeddable":true,"href":"https:\/\/filmservicekoeln.de\/index.php?rest_route=%2Fwp%2Fv2%2Fcomments&post=325"}],"wp:featuredmedia":[{"embeddable":true,"href":"https:\/\/filmservicekoeln.de\/index.php?rest_route=\/wp\/v2\/media\/359"}],"wp:attachment":[{"href":"https:\/\/filmservicekoeln.de\/index.php?rest_route=%2Fwp%2Fv2%2Fmedia&parent=325"}],"wp:term":[{"taxonomy":"product_brand","embeddable":true,"href":"https:\/\/filmservicekoeln.de\/index.php?rest_route=%2Fwp%2Fv2%2Fproduct_brand&post=325"},{"taxonomy":"product_cat","embeddable":true,"href":"https:\/\/filmservicekoeln.de\/index.php?rest_route=%2Fwp%2Fv2%2Fproduct_cat&post=325"},{"taxonomy":"product_tag","embeddable":true,"href":"https:\/\/filmservicekoeln.de\/index.php?rest_route=%2Fwp%2Fv2%2Fproduct_tag&post=325"}],"curies":[{"name":"wp","href":"https:\/\/api.w.org\/{rel}","templated":true}]}}