{"id":262,"date":"2026-04-19T23:14:05","date_gmt":"2026-04-19T23:14:05","guid":{"rendered":"https:\/\/filmservicekoeln.de\/?post_type=product&#038;p=262"},"modified":"2026-04-19T23:14:28","modified_gmt":"2026-04-19T23:14:28","slug":"sackkarre-200kg","status":"publish","type":"product","link":"https:\/\/filmservicekoeln.de\/?product=sackkarre-200kg","title":{"rendered":"Sackkarre 200kg"},"content":{"rendered":"<table class=\"table table--standard table-striped \">\n<tbody>\n<tr>\n<th scope=\"row\">Ausstattung<\/th>\n<td>Radschutz, Handschutzb\u00fcgel<\/td>\n<\/tr>\n<tr>\n<th scope=\"row\">Bereifung<\/th>\n<td>Luftbereifung<\/td>\n<\/tr>\n<tr>\n<th scope=\"row\">Tragkraft<\/th>\n<td>200 kg<\/td>\n<\/tr>\n<tr>\n<th scope=\"row\">Breite<\/th>\n<td>50 cm<\/td>\n<\/tr>\n<tr>\n<th scope=\"row\">H\u00f6he<\/th>\n<td>120 cm<\/td>\n<\/tr>\n<tr>\n<th scope=\"row\">L\u00e4nge<\/th>\n<td>53 cm<\/td>\n<\/tr>\n<tr>\n<th scope=\"row\">Farbe<\/th>\n<td>Rot<\/td>\n<\/tr>\n<tr>\n<th scope=\"row\">Material<\/th>\n<td>Stahl<\/td>\n<\/tr>\n<tr>\n<th scope=\"row\">Gewicht (Netto)<\/th>\n<td>10 kg<\/td>\n<\/tr>\n<\/tbody>\n<\/table>\n","protected":false},"excerpt":{"rendered":"<p>Ausstattung Radschutz, Handschutzb\u00fcgel Bereifung Luftbereifung Tragkraft 200 kg Breite 50 cm H\u00f6he 120 cm L\u00e4nge 53 cm Farbe Rot Material Stahl Gewicht (Netto) 10 kg<\/p>\n","protected":false},"featured_media":347,"comment_status":"closed","ping_status":"closed","template":"","meta":[],"product_brand":[],"product_cat":[21],"product_tag":[22,23,24],"class_list":{"0":"post-262","1":"product","2":"type-product","3":"status-publish","4":"has-post-thumbnail","6":"product_cat-set-al-equipment","7":"product_tag-elektroheizer","8":"product_tag-heizer","9":"product_tag-heizung","11":"first","12":"instock","13":"shipping-taxable","14":"purchasable","15":"product-type-simple"},"_links":{"self":[{"href":"https:\/\/filmservicekoeln.de\/index.php?rest_route=\/wp\/v2\/product\/262","targetHints":{"allow":["GET"]}}],"collection":[{"href":"https:\/\/filmservicekoeln.de\/index.php?rest_route=\/wp\/v2\/product"}],"about":[{"href":"https:\/\/filmservicekoeln.de\/index.php?rest_route=\/wp\/v2\/types\/product"}],"replies":[{"embeddable":true,"href":"https:\/\/filmservicekoeln.de\/index.php?rest_route=%2Fwp%2Fv2%2Fcomments&post=262"}],"wp:featuredmedia":[{"embeddable":true,"href":"https:\/\/filmservicekoeln.de\/index.php?rest_route=\/wp\/v2\/media\/347"}],"wp:attachment":[{"href":"https:\/\/filmservicekoeln.de\/index.php?rest_route=%2Fwp%2Fv2%2Fmedia&parent=262"}],"wp:term":[{"taxonomy":"product_brand","embeddable":true,"href":"https:\/\/filmservicekoeln.de\/index.php?rest_route=%2Fwp%2Fv2%2Fproduct_brand&post=262"},{"taxonomy":"product_cat","embeddable":true,"href":"https:\/\/filmservicekoeln.de\/index.php?rest_route=%2Fwp%2Fv2%2Fproduct_cat&post=262"},{"taxonomy":"product_tag","embeddable":true,"href":"https:\/\/filmservicekoeln.de\/index.php?rest_route=%2Fwp%2Fv2%2Fproduct_tag&post=262"}],"curies":[{"name":"wp","href":"https:\/\/api.w.org\/{rel}","templated":true}]}}