{"id":261,"date":"2026-04-19T23:14:05","date_gmt":"2026-04-19T23:14:05","guid":{"rendered":"https:\/\/filmservicekoeln.de\/?post_type=product&#038;p=261"},"modified":"2026-04-19T23:14:28","modified_gmt":"2026-04-19T23:14:28","slug":"bierzeltgarnitur","status":"publish","type":"product","link":"https:\/\/filmservicekoeln.de\/?product=bierzeltgarnitur","title":{"rendered":"Bierzeltgarnitur"},"content":{"rendered":"<p>Die Bierzelt-Garnitur ist bestens geeignet f\u00fcr den Einsatz im Innen- und Au\u00dfenbereich. Durch ihre Widerstandsf\u00e4higkeit erfreut sie sich gro\u00dfer Beliebtheit. Auch bei spontanen Veranstaltungen ist die Festzeltgarnitur \u00e4u\u00dferst praktisch, da sie innerhalb k\u00fcrzester Zeit aufgebaut ist.<\/p>\n<p><b>Einfach &amp; unkompliziert<br \/>\n<\/b>Tisch und B\u00e4nke sind klappbar, um einen einfachen Transport und zugleich eine platzsparende Lagerung zu erm\u00f6glichen. Au\u00dferdem l\u00e4sst sich hierdurch der Aufbau gr\u00f6\u00dferer Mengen schnell bewerkstelligen.<\/p>\n<p><b>Ausstattungsmerkmale &amp; Ma\u00dfe Bierzeltgarnitur<br \/>\n<\/b>&#8211; 1 Tisch: L 220 cm x B 50 cm x H 74 cm<br \/>\n&#8211; 2 B\u00e4nke: L 220 cm x B 25 cm x H 47 cm<br \/>\n&#8211; Holz mit UV-Lackierung, Farbe: Natur<br \/>\n&#8211; Gewicht: 41kg<\/p>\n","protected":false},"excerpt":{"rendered":"<p>Die Bierzelt-Garnitur ist bestens geeignet f\u00fcr den Einsatz im Innen- und Au\u00dfenbereich. Durch ihre Widerstandsf\u00e4higkeit erfreut sie sich gro\u00dfer Beliebtheit. Auch bei spontanen Veranstaltungen ist die Festzeltgarnitur \u00e4u\u00dferst praktisch, da sie innerhalb k\u00fcrzester Zeit aufgebaut ist. Einfach &amp; unkompliziert Tisch und B\u00e4nke sind klappbar, um einen einfachen Transport und zugleich eine platzsparende Lagerung zu erm\u00f6glichen. [&hellip;]<\/p>\n","protected":false},"featured_media":345,"comment_status":"closed","ping_status":"closed","template":"","meta":[],"product_brand":[],"product_cat":[21],"product_tag":[22,23,24],"class_list":{"0":"post-261","1":"product","2":"type-product","3":"status-publish","4":"has-post-thumbnail","6":"product_cat-set-al-equipment","7":"product_tag-elektroheizer","8":"product_tag-heizer","9":"product_tag-heizung","11":"first","12":"instock","13":"shipping-taxable","14":"purchasable","15":"product-type-simple"},"_links":{"self":[{"href":"https:\/\/filmservicekoeln.de\/index.php?rest_route=\/wp\/v2\/product\/261","targetHints":{"allow":["GET"]}}],"collection":[{"href":"https:\/\/filmservicekoeln.de\/index.php?rest_route=\/wp\/v2\/product"}],"about":[{"href":"https:\/\/filmservicekoeln.de\/index.php?rest_route=\/wp\/v2\/types\/product"}],"replies":[{"embeddable":true,"href":"https:\/\/filmservicekoeln.de\/index.php?rest_route=%2Fwp%2Fv2%2Fcomments&post=261"}],"wp:featuredmedia":[{"embeddable":true,"href":"https:\/\/filmservicekoeln.de\/index.php?rest_route=\/wp\/v2\/media\/345"}],"wp:attachment":[{"href":"https:\/\/filmservicekoeln.de\/index.php?rest_route=%2Fwp%2Fv2%2Fmedia&parent=261"}],"wp:term":[{"taxonomy":"product_brand","embeddable":true,"href":"https:\/\/filmservicekoeln.de\/index.php?rest_route=%2Fwp%2Fv2%2Fproduct_brand&post=261"},{"taxonomy":"product_cat","embeddable":true,"href":"https:\/\/filmservicekoeln.de\/index.php?rest_route=%2Fwp%2Fv2%2Fproduct_cat&post=261"},{"taxonomy":"product_tag","embeddable":true,"href":"https:\/\/filmservicekoeln.de\/index.php?rest_route=%2Fwp%2Fv2%2Fproduct_tag&post=261"}],"curies":[{"name":"wp","href":"https:\/\/api.w.org\/{rel}","templated":true}]}}