{"id":225,"date":"2026-04-19T23:13:42","date_gmt":"2026-04-19T23:13:42","guid":{"rendered":"https:\/\/filmservicekoeln.de\/?post_type=product&#038;p=225"},"modified":"2026-04-19T23:14:21","modified_gmt":"2026-04-19T23:14:21","slug":"on-air-leuchte-rot-mit-fernbedienung","status":"publish","type":"product","link":"https:\/\/filmservicekoeln.de\/?product=on-air-leuchte-rot-mit-fernbedienung","title":{"rendered":"&#8222;On Air&#8220; Leuchte rot mit Fernbedienung"},"content":{"rendered":"<p>Diese rote &#8222;On Air&#8220; Leuchte ist die perfekte Signalleuchte f\u00fcr die Ank\u00fcndigung von laufenden Dreharbeiten f\u00fcr Studio- und weitl\u00e4ufige Au\u00dfenaufnahmen.<\/p>\n<p>Im Lieferumfang befindet sich neben der sich drehenden roten Signalleuchte eine Fernbedienung, welche mit einem besonders starken Empf\u00e4nger ausgestattet ist. Die Reichweite betr\u00e4gt ca. 400m und ist selbst durch dicke Betonw\u00e4nde kein Problem.<\/p>\n","protected":false},"excerpt":{"rendered":"<ul>\n<li>bis zu 400m Reichweite<\/li>\n<li>rotierende rote Signalleuchte<\/li>\n<li>ger\u00e4uscharm<\/li>\n<\/ul>\n","protected":false},"featured_media":303,"comment_status":"closed","ping_status":"closed","template":"","meta":[],"product_brand":[],"product_cat":[21],"product_tag":[22,23,24],"class_list":{"0":"post-225","1":"product","2":"type-product","3":"status-publish","4":"has-post-thumbnail","6":"product_cat-set-al-equipment","7":"product_tag-elektroheizer","8":"product_tag-heizer","9":"product_tag-heizung","11":"first","12":"instock","13":"shipping-taxable","14":"purchasable","15":"product-type-simple"},"_links":{"self":[{"href":"https:\/\/filmservicekoeln.de\/index.php?rest_route=\/wp\/v2\/product\/225","targetHints":{"allow":["GET"]}}],"collection":[{"href":"https:\/\/filmservicekoeln.de\/index.php?rest_route=\/wp\/v2\/product"}],"about":[{"href":"https:\/\/filmservicekoeln.de\/index.php?rest_route=\/wp\/v2\/types\/product"}],"replies":[{"embeddable":true,"href":"https:\/\/filmservicekoeln.de\/index.php?rest_route=%2Fwp%2Fv2%2Fcomments&post=225"}],"wp:featuredmedia":[{"embeddable":true,"href":"https:\/\/filmservicekoeln.de\/index.php?rest_route=\/wp\/v2\/media\/303"}],"wp:attachment":[{"href":"https:\/\/filmservicekoeln.de\/index.php?rest_route=%2Fwp%2Fv2%2Fmedia&parent=225"}],"wp:term":[{"taxonomy":"product_brand","embeddable":true,"href":"https:\/\/filmservicekoeln.de\/index.php?rest_route=%2Fwp%2Fv2%2Fproduct_brand&post=225"},{"taxonomy":"product_cat","embeddable":true,"href":"https:\/\/filmservicekoeln.de\/index.php?rest_route=%2Fwp%2Fv2%2Fproduct_cat&post=225"},{"taxonomy":"product_tag","embeddable":true,"href":"https:\/\/filmservicekoeln.de\/index.php?rest_route=%2Fwp%2Fv2%2Fproduct_tag&post=225"}],"curies":[{"name":"wp","href":"https:\/\/api.w.org\/{rel}","templated":true}]}}