{"id":222,"date":"2026-04-19T23:13:42","date_gmt":"2026-04-19T23:13:42","guid":{"rendered":"https:\/\/filmservicekoeln.de\/?post_type=product&#038;p=222"},"modified":"2026-04-19T23:14:19","modified_gmt":"2026-04-19T23:14:19","slug":"schutzhelm","status":"publish","type":"product","link":"https:\/\/filmservicekoeln.de\/?product=schutzhelm","title":{"rendered":"Schutzhelm"},"content":{"rendered":"<p>Der wei\u00dfe Schutzhelm von Wisent ist ein unverzichtbarer Bestandteil der individuellen Schutzausr\u00fcstung. So sollte er auf Baustellen und in Industrieanlagen immer getragen werden. Der Kopf ist so sicher vor kleinen herabfallenden Gegenst\u00e4nden gesch\u00fctzt und auch ein Ansto\u00dfen wird abgefedert. Durch das verstellbare Kopfband kann der Helm individuell angepasst werden und ein hoher Tragekomfort wird erreicht. An den seitlich angebrachten Laschen k\u00f6nnen optional Geh\u00f6rschutzkapseln angebracht werden. Auch bei Regen sch\u00fctzt der Helm den Kopf vor N\u00e4sse. Durch die integrierte Regenrinne wird das Wasser abgeleitet und gelangt nicht ins Genick des Tr\u00e4gers.<\/p>\n<table class=\"table table--standard table-striped \">\n<tbody>\n<tr>\n<th scope=\"row\">Ausstattung<\/th>\n<td>Aufgerauter Dachbereich, Integrierte Regenrinne, Verstellbares Kopfband<\/td>\n<\/tr>\n<tr>\n<th scope=\"row\">Einsatzbereich<\/th>\n<td>Baustelle, Garten<\/td>\n<\/tr>\n<tr>\n<th scope=\"row\">Farbe<\/th>\n<td>Wei\u00df<\/td>\n<\/tr>\n<tr>\n<th scope=\"row\">Norm<\/th>\n<td>DIN EN 397:2005-05<\/td>\n<\/tr>\n<tr>\n<th scope=\"row\">Schutz gegen<\/th>\n<td>Ansto\u00dfen, Leichte St\u00f6\u00dfe, Kleine herabfallende Gegenst\u00e4nde<\/td>\n<\/tr>\n<tr>\n<th scope=\"row\">Material<\/th>\n<td>Polyethylen<\/td>\n<\/tr>\n<tr>\n<th scope=\"row\">Gewicht (Netto)<\/th>\n<td>335 g<\/td>\n<\/tr>\n<\/tbody>\n<\/table>\n","protected":false},"excerpt":{"rendered":"<ul class=\"product-detail-product-features__list list list--standard\">\n<li>Stabiles Polyethylen<\/li>\n<li>Verstellbares Kopfband<\/li>\n<li>Idealer Kopfschutz<\/li>\n<li>Einstecktasche f\u00fcr Geh\u00f6rsch\u00fctzer<\/li>\n<\/ul>\n","protected":false},"featured_media":298,"comment_status":"closed","ping_status":"closed","template":"","meta":[],"product_brand":[],"product_cat":[21],"product_tag":[22,23,24],"class_list":{"0":"post-222","1":"product","2":"type-product","3":"status-publish","4":"has-post-thumbnail","6":"product_cat-set-al-equipment","7":"product_tag-elektroheizer","8":"product_tag-heizer","9":"product_tag-heizung","11":"first","12":"instock","13":"shipping-taxable","14":"purchasable","15":"product-type-simple"},"_links":{"self":[{"href":"https:\/\/filmservicekoeln.de\/index.php?rest_route=\/wp\/v2\/product\/222","targetHints":{"allow":["GET"]}}],"collection":[{"href":"https:\/\/filmservicekoeln.de\/index.php?rest_route=\/wp\/v2\/product"}],"about":[{"href":"https:\/\/filmservicekoeln.de\/index.php?rest_route=\/wp\/v2\/types\/product"}],"replies":[{"embeddable":true,"href":"https:\/\/filmservicekoeln.de\/index.php?rest_route=%2Fwp%2Fv2%2Fcomments&post=222"}],"wp:featuredmedia":[{"embeddable":true,"href":"https:\/\/filmservicekoeln.de\/index.php?rest_route=\/wp\/v2\/media\/298"}],"wp:attachment":[{"href":"https:\/\/filmservicekoeln.de\/index.php?rest_route=%2Fwp%2Fv2%2Fmedia&parent=222"}],"wp:term":[{"taxonomy":"product_brand","embeddable":true,"href":"https:\/\/filmservicekoeln.de\/index.php?rest_route=%2Fwp%2Fv2%2Fproduct_brand&post=222"},{"taxonomy":"product_cat","embeddable":true,"href":"https:\/\/filmservicekoeln.de\/index.php?rest_route=%2Fwp%2Fv2%2Fproduct_cat&post=222"},{"taxonomy":"product_tag","embeddable":true,"href":"https:\/\/filmservicekoeln.de\/index.php?rest_route=%2Fwp%2Fv2%2Fproduct_tag&post=222"}],"curies":[{"name":"wp","href":"https:\/\/api.w.org\/{rel}","templated":true}]}}