{"id":220,"date":"2026-04-19T23:13:42","date_gmt":"2026-04-19T23:13:42","guid":{"rendered":"https:\/\/filmservicekoeln.de\/?post_type=product&#038;p=220"},"modified":"2026-04-19T23:14:18","modified_gmt":"2026-04-19T23:14:18","slug":"trinkwasserschlauch-beheizt","status":"publish","type":"product","link":"https:\/\/filmservicekoeln.de\/?product=trinkwasserschlauch-beheizt","title":{"rendered":"Trinkwasserschlauch beheizt"},"content":{"rendered":"<p>Hochwertiger\u00a0beheizter\u00a0Trinkwasserschlauch 19x4mm\u00a0(Innen\u00d8 19mm, DN19, 3\/4&#8243;)\u00a0mit Zulassung gem. DVGW, KTW-A und W270 f\u00fcr Trinkwasser &#8211; daher besonders geruchs- und geschmacksneutral. Nie wieder Frostsch\u00e4den durch eingefrorene Schlauchleitungen mit dem Profiline Aqua Plus! Der innovative Innenschlauch aus PE (Hostalen) mit Softzwischenlagen machen den Schlauch flexibel und daher gut h\u00e4ndelbar. Die Schlaucheinheit ist mit massiven Messingkupplungen GEKA plus inkl. Trinkwasserdichtungen best\u00fcckt. Die integrierte Heizeinheit garantiert\u00a0Frostsicherheit bis -25\u00b0C.<\/p>\n<table border=\"0\">\n<tbody>\n<tr>\n<td>Schlauchmaterial \/ Eigenschaft:<\/td>\n<td>5-schichtig aus Weich-PE mit Gewebeschicht aus Polyester, blau gedeckt , lichtundurchl\u00e4ssig, flexibel mit hoher Festigkeit,<\/td>\n<\/tr>\n<tr>\n<td>Betriebsdruck Schlauch:<\/td>\n<td>20bar<\/td>\n<\/tr>\n<tr>\n<td>Temperaturbereich:<\/td>\n<td>-15\u00b0C bis +50\u00b0C<\/td>\n<\/tr>\n<tr>\n<td>Frostsicherheit bis:<\/td>\n<td>-25\u00b0C<\/td>\n<\/tr>\n<tr>\n<td>Spannung:<\/td>\n<td>230V AC 50Hz<\/td>\n<\/tr>\n<tr>\n<td>Leistung bei 10\u00b0C:<\/td>\n<td>10 Watt \/ Meter<\/td>\n<\/tr>\n<tr>\n<td>Max. zul. Betriebstemperatur:<\/td>\n<td>+65\u00b0C<\/td>\n<\/tr>\n<tr>\n<td>L\u00e4nge Anschlusskabel:<\/td>\n<td>2m<\/td>\n<\/tr>\n<\/tbody>\n<\/table>\n","protected":false},"excerpt":{"rendered":"<ul>\n<li>Y-St\u00fcck statt T-Adapter &#8211; somit auch an schwer zug\u00e4nglichen Stellen leichter zu montieren als 90\u00b0 T-St\u00fccke,<\/li>\n<li>robustes Schlauchmaterial aus Weich-PE von Hozelock &#8211; leicht zu verlegen und sehr flexibel,<\/li>\n<li>auf Anfrage auch Schl\u00e4uche nach Ma\u00df in Ihrer Wunschl\u00e4nge,<\/li>\n<li>Frostsicherheit bis -25\u00b0C<\/li>\n<li>komplette Schlaucheinheit betriebsfertig mit Armaturen und Stecker konfektioniert,<\/li>\n<li>Kupplungen anschlie\u00dfen, Stecker in die Steckdose, Wasser marsch &#8211; frostsicher sein!<\/li>\n<li>inkl. Pr\u00fcfzeugnis mit Seriennummer und Trinkwasserzertifikate als Nachweis f\u00fcr die Kontrollbeh\u00f6rden.<\/li>\n<\/ul>\n","protected":false},"featured_media":293,"comment_status":"closed","ping_status":"closed","template":"","meta":[],"product_brand":[],"product_cat":[21],"product_tag":[22,23,24],"class_list":{"0":"post-220","1":"product","2":"type-product","3":"status-publish","4":"has-post-thumbnail","6":"product_cat-set-al-equipment","7":"product_tag-elektroheizer","8":"product_tag-heizer","9":"product_tag-heizung","11":"first","12":"instock","13":"shipping-taxable","14":"purchasable","15":"product-type-simple"},"_links":{"self":[{"href":"https:\/\/filmservicekoeln.de\/index.php?rest_route=\/wp\/v2\/product\/220","targetHints":{"allow":["GET"]}}],"collection":[{"href":"https:\/\/filmservicekoeln.de\/index.php?rest_route=\/wp\/v2\/product"}],"about":[{"href":"https:\/\/filmservicekoeln.de\/index.php?rest_route=\/wp\/v2\/types\/product"}],"replies":[{"embeddable":true,"href":"https:\/\/filmservicekoeln.de\/index.php?rest_route=%2Fwp%2Fv2%2Fcomments&post=220"}],"wp:featuredmedia":[{"embeddable":true,"href":"https:\/\/filmservicekoeln.de\/index.php?rest_route=\/wp\/v2\/media\/293"}],"wp:attachment":[{"href":"https:\/\/filmservicekoeln.de\/index.php?rest_route=%2Fwp%2Fv2%2Fmedia&parent=220"}],"wp:term":[{"taxonomy":"product_brand","embeddable":true,"href":"https:\/\/filmservicekoeln.de\/index.php?rest_route=%2Fwp%2Fv2%2Fproduct_brand&post=220"},{"taxonomy":"product_cat","embeddable":true,"href":"https:\/\/filmservicekoeln.de\/index.php?rest_route=%2Fwp%2Fv2%2Fproduct_cat&post=220"},{"taxonomy":"product_tag","embeddable":true,"href":"https:\/\/filmservicekoeln.de\/index.php?rest_route=%2Fwp%2Fv2%2Fproduct_tag&post=220"}],"curies":[{"name":"wp","href":"https:\/\/api.w.org\/{rel}","templated":true}]}}