{"id":217,"date":"2026-04-19T23:13:42","date_gmt":"2026-04-19T23:13:42","guid":{"rendered":"https:\/\/filmservicekoeln.de\/?post_type=product&#038;p=217"},"modified":"2026-04-19T23:14:16","modified_gmt":"2026-04-19T23:14:16","slug":"arbeitsleuchte-2000-lumen-2x-akku-20v","status":"publish","type":"product","link":"https:\/\/filmservicekoeln.de\/?product=arbeitsleuchte-2000-lumen-2x-akku-20v","title":{"rendered":"Arbeitsleuchte 2000 Lumen + 2x Akku 20V"},"content":{"rendered":"<p>Kabellos, starker 2.000 Lumen Lichtstrom, 20V-Flexpower-Multiakku (2 Ah) und mit einer praktischen USB-Powerbank-Funktion ausgestattet, um Smartphones, Tablets, Messger\u00e4te, Baustellenradios und andere USB-Ger\u00e4te mit Strom (5 V \/ 1 A) zu versorgen \u2013 so pr\u00e4sentiert sich die Arbeitsleuchte PWLS\u00a015-20V als neuestes Modell der PWLS-Arbeitsleuchten-Serie f\u00fcr Profis, Hand- und Heimwerker. Im Vergleich zur batteriebetriebenen Arbeitsleuchte PWLS 05\u201110 verstr\u00f6mt die PWLS\u00a015-20V mehr als dreimal so viel extrahelles Fl\u00e4chenlicht. Der Flexpower-Multiakku hat eine Ausdauer von 2 Stunden, ist in nur einer Stunde vollst\u00e4ndig geladen und mit weiteren Trotec-Elektrowerkzeugen der Powertools-Serie kompatibel.<\/p>\n","protected":false},"excerpt":{"rendered":"<ul>\n<li>Lichtstarke LED-Arbeitsleuchte mit verst\u00e4rktem Rahmen<\/li>\n<li>Flexpower-Multiakku-System \u2013 flexibel kombinierbar auch mit anderen Akku-Werkzeugen von Trotec<\/li>\n<li>20\u00a0V starker Lithium-Ionen-Akku ohne Memory-Effekt und Selbstentladung<\/li>\n<li>Hochleistungs-SMD-LEDs sorgen f\u00fcr gleichm\u00e4\u00dfiges, extrahelles Licht (bis zu 2.000 lm)<\/li>\n<li>Flexibler Tragegriff um 90\u00b0 in 8 Positionen verstellbar<\/li>\n<li>3 Helligkeitsmodi: niedrige Helligkeit, mittlere Helligkeit, hohe Helligkeit<\/li>\n<li>Starke Magnethalterung zur Befestigung an Metalloberfl\u00e4chen<\/li>\n<li>Integrierter Aufh\u00e4ngehaken zur unkomplizierten Befestigung<\/li>\n<li>Powerbank-Funktion mit USB-Anschluss (Typ A) und beiliegendem, 60 cm langem USB-Kabel (USB-Stecker Typ A \/ Micro-USB-Stecker Typ B)<\/li>\n<li>Schnell-Ladeger\u00e4t mit automatischer Ladeabschaltung: Ladezeit ca. 1 h<\/li>\n<li>Dreistufige Akku-Kapazit\u00e4tsanzeige im Akku integriert<\/li>\n<li>Ergonomischer Griffbereich mit Softgriff<\/li>\n<li>Bis zu 2 Stunden konstant hohe Leuchtdauer<\/li>\n<li>Farbtemperatur 6.500 K (Tageslichtwei\u00df)<\/li>\n<li>Kompakt und flach verstaubar<\/li>\n<\/ul>\n","protected":false},"featured_media":284,"comment_status":"closed","ping_status":"closed","template":"","meta":[],"product_brand":[],"product_cat":[21],"product_tag":[22,23,24],"class_list":{"0":"post-217","1":"product","2":"type-product","3":"status-publish","4":"has-post-thumbnail","6":"product_cat-set-al-equipment","7":"product_tag-elektroheizer","8":"product_tag-heizer","9":"product_tag-heizung","11":"first","12":"instock","13":"shipping-taxable","14":"purchasable","15":"product-type-simple"},"_links":{"self":[{"href":"https:\/\/filmservicekoeln.de\/index.php?rest_route=\/wp\/v2\/product\/217","targetHints":{"allow":["GET"]}}],"collection":[{"href":"https:\/\/filmservicekoeln.de\/index.php?rest_route=\/wp\/v2\/product"}],"about":[{"href":"https:\/\/filmservicekoeln.de\/index.php?rest_route=\/wp\/v2\/types\/product"}],"replies":[{"embeddable":true,"href":"https:\/\/filmservicekoeln.de\/index.php?rest_route=%2Fwp%2Fv2%2Fcomments&post=217"}],"wp:featuredmedia":[{"embeddable":true,"href":"https:\/\/filmservicekoeln.de\/index.php?rest_route=\/wp\/v2\/media\/284"}],"wp:attachment":[{"href":"https:\/\/filmservicekoeln.de\/index.php?rest_route=%2Fwp%2Fv2%2Fmedia&parent=217"}],"wp:term":[{"taxonomy":"product_brand","embeddable":true,"href":"https:\/\/filmservicekoeln.de\/index.php?rest_route=%2Fwp%2Fv2%2Fproduct_brand&post=217"},{"taxonomy":"product_cat","embeddable":true,"href":"https:\/\/filmservicekoeln.de\/index.php?rest_route=%2Fwp%2Fv2%2Fproduct_cat&post=217"},{"taxonomy":"product_tag","embeddable":true,"href":"https:\/\/filmservicekoeln.de\/index.php?rest_route=%2Fwp%2Fv2%2Fproduct_tag&post=217"}],"curies":[{"name":"wp","href":"https:\/\/api.w.org\/{rel}","templated":true}]}}