{"id":214,"date":"2026-04-19T23:13:42","date_gmt":"2026-04-19T23:13:42","guid":{"rendered":"https:\/\/filmservicekoeln.de\/?post_type=product&#038;p=214"},"modified":"2026-04-19T23:14:11","modified_gmt":"2026-04-19T23:14:11","slug":"paravent-200x180cm-bxh","status":"publish","type":"product","link":"https:\/\/filmservicekoeln.de\/?product=paravent-200x180cm-bxh","title":{"rendered":"Paravent 200x180cm (BxH)"},"content":{"rendered":"<p>Dieser freistehende und praktische 4-Panel-Raumteiler kann als Trennwand, Sichtschutz oder Dekoration verwendet werden. Er sorgt f\u00fcr Privatsph\u00e4re im Schlafzimmer, l\u00e4sst sich aber auch zum Unterteilen des Zimmers einsetzen.<\/p>\n<p>Aus einem pulverbeschichtetem Eisenrahmen und Stoffschirmen gefertigt, l\u00e4sst sich dieser Raumteiler bei Nichtgebrauch leicht zusammenklappen.<\/p>\n","protected":false},"excerpt":{"rendered":"<ul>\n<li>Farbe: Schwarz<\/li>\n<li>Material: Stoff (100% Polyester), pulverbeschichtetes Eisen<\/li>\n<li>Gesamtgr\u00f6\u00dfe: 200 x 180 cm (B x H)<\/li>\n<li>Stoffschirmgr\u00f6\u00dfe: je 46,5 x 175 cm (B x H)<\/li>\n<li>Besteht aus 4 Elementen<\/li>\n<\/ul>\n","protected":false},"featured_media":278,"comment_status":"closed","ping_status":"closed","template":"","meta":[],"product_brand":[],"product_cat":[21],"product_tag":[22,23,24],"class_list":{"0":"post-214","1":"product","2":"type-product","3":"status-publish","4":"has-post-thumbnail","6":"product_cat-set-al-equipment","7":"product_tag-elektroheizer","8":"product_tag-heizer","9":"product_tag-heizung","11":"first","12":"instock","13":"shipping-taxable","14":"purchasable","15":"product-type-simple"},"_links":{"self":[{"href":"https:\/\/filmservicekoeln.de\/index.php?rest_route=\/wp\/v2\/product\/214","targetHints":{"allow":["GET"]}}],"collection":[{"href":"https:\/\/filmservicekoeln.de\/index.php?rest_route=\/wp\/v2\/product"}],"about":[{"href":"https:\/\/filmservicekoeln.de\/index.php?rest_route=\/wp\/v2\/types\/product"}],"replies":[{"embeddable":true,"href":"https:\/\/filmservicekoeln.de\/index.php?rest_route=%2Fwp%2Fv2%2Fcomments&post=214"}],"wp:featuredmedia":[{"embeddable":true,"href":"https:\/\/filmservicekoeln.de\/index.php?rest_route=\/wp\/v2\/media\/278"}],"wp:attachment":[{"href":"https:\/\/filmservicekoeln.de\/index.php?rest_route=%2Fwp%2Fv2%2Fmedia&parent=214"}],"wp:term":[{"taxonomy":"product_brand","embeddable":true,"href":"https:\/\/filmservicekoeln.de\/index.php?rest_route=%2Fwp%2Fv2%2Fproduct_brand&post=214"},{"taxonomy":"product_cat","embeddable":true,"href":"https:\/\/filmservicekoeln.de\/index.php?rest_route=%2Fwp%2Fv2%2Fproduct_cat&post=214"},{"taxonomy":"product_tag","embeddable":true,"href":"https:\/\/filmservicekoeln.de\/index.php?rest_route=%2Fwp%2Fv2%2Fproduct_tag&post=214"}],"curies":[{"name":"wp","href":"https:\/\/api.w.org\/{rel}","templated":true}]}}