{"id":213,"date":"2026-04-19T23:13:42","date_gmt":"2026-04-19T23:13:42","guid":{"rendered":"https:\/\/filmservicekoeln.de\/?post_type=product&#038;p=213"},"modified":"2026-04-19T23:14:09","modified_gmt":"2026-04-19T23:14:09","slug":"standventilator-220v","status":"publish","type":"product","link":"https:\/\/filmservicekoeln.de\/?product=standventilator-220v","title":{"rendered":"Standventilator &#8211; 220V"},"content":{"rendered":"<p>Der Standventilator TVM\u00a018\u00a0S beh\u00e4lt auch an hei\u00dfen Tagen stets den coolen \u00dcberblick und verschafft schnell die n\u00f6tige Abk\u00fchlung. Dank seiner \u00fcberzeugenden Leistung von 100 Watt, seinem Fl\u00fcgeldurchmesser von 18 Zoll (rund 45 cm) sowie seiner \u00fcberragenden Position aufgrund des ausziehbaren und h\u00f6henverstellbaren Teleskop-Rohrs bl\u00e4st der Ventilator auch gr\u00f6\u00dfere R\u00e4ume sehr schnell hitzefrei. Dabei verf\u00fcgt das Ger\u00e4t \u00fcber souver\u00e4ne Leistungsreserven, um auch bei Temperaturspitzen noch gen\u00fcgend K\u00fchlung zu bieten.<\/p>\n","protected":false},"excerpt":{"rendered":"<ul>\n<li>100 Watt Leistung<\/li>\n<li>3 Geschwindigkeitsstufen<\/li>\n<li>Verstellbarer Neigungswinkel des Ventilatorkopfes um bis zu 110\u00b0<\/li>\n<li>Stufenlos h\u00f6henverstellbar von 107 bis 135 cm<\/li>\n<li>Vorne und hinten gesch\u00fctzter Metallgrill in moderner Chrom-Optik<\/li>\n<li>Ventilatorfl\u00fcgeldurchmesser 45 cm<\/li>\n<li>Stabiler und rutschfester Standfu\u00df f\u00fcr kippfesten Stand<\/li>\n<li>Lange Lebensdauer dank der Kupferspule im Motor<\/li>\n<li>Ruhiger Lauf<\/li>\n<li>Integrierte Kabelaufwicklung<\/li>\n<li>Praktischer Tragegriff<\/li>\n<li>Einzigartiges Preis-Leistungs-Verh\u00e4ltnis<\/li>\n<li>Optional verf\u00fcgbar: Wand- und Deckenhalterung zur Bel\u00fcftung von schwer erreichbaren Stellen<\/li>\n<\/ul>\n","protected":false},"featured_media":275,"comment_status":"closed","ping_status":"closed","template":"","meta":[],"product_brand":[],"product_cat":[21],"product_tag":[22,23,24],"class_list":{"0":"post-213","1":"product","2":"type-product","3":"status-publish","4":"has-post-thumbnail","6":"product_cat-set-al-equipment","7":"product_tag-elektroheizer","8":"product_tag-heizer","9":"product_tag-heizung","11":"first","12":"instock","13":"shipping-taxable","14":"purchasable","15":"product-type-simple"},"_links":{"self":[{"href":"https:\/\/filmservicekoeln.de\/index.php?rest_route=\/wp\/v2\/product\/213","targetHints":{"allow":["GET"]}}],"collection":[{"href":"https:\/\/filmservicekoeln.de\/index.php?rest_route=\/wp\/v2\/product"}],"about":[{"href":"https:\/\/filmservicekoeln.de\/index.php?rest_route=\/wp\/v2\/types\/product"}],"replies":[{"embeddable":true,"href":"https:\/\/filmservicekoeln.de\/index.php?rest_route=%2Fwp%2Fv2%2Fcomments&post=213"}],"wp:featuredmedia":[{"embeddable":true,"href":"https:\/\/filmservicekoeln.de\/index.php?rest_route=\/wp\/v2\/media\/275"}],"wp:attachment":[{"href":"https:\/\/filmservicekoeln.de\/index.php?rest_route=%2Fwp%2Fv2%2Fmedia&parent=213"}],"wp:term":[{"taxonomy":"product_brand","embeddable":true,"href":"https:\/\/filmservicekoeln.de\/index.php?rest_route=%2Fwp%2Fv2%2Fproduct_brand&post=213"},{"taxonomy":"product_cat","embeddable":true,"href":"https:\/\/filmservicekoeln.de\/index.php?rest_route=%2Fwp%2Fv2%2Fproduct_cat&post=213"},{"taxonomy":"product_tag","embeddable":true,"href":"https:\/\/filmservicekoeln.de\/index.php?rest_route=%2Fwp%2Fv2%2Fproduct_tag&post=213"}],"curies":[{"name":"wp","href":"https:\/\/api.w.org\/{rel}","templated":true}]}}