{"id":206,"date":"2026-04-19T23:13:41","date_gmt":"2026-04-19T23:13:41","guid":{"rendered":"https:\/\/filmservicekoeln.de\/?post_type=product&#038;p=206"},"modified":"2026-04-19T23:14:01","modified_gmt":"2026-04-19T23:14:01","slug":"klapptisch-schwarz","status":"publish","type":"product","link":"https:\/\/filmservicekoeln.de\/?product=klapptisch-schwarz","title":{"rendered":"Klapptisch schwarz"},"content":{"rendered":"<p>Dieser schwarze Klapptisch mit Griff aus robustem PVC und beschichtetem Aluminiumgest\u00e4nge eignet sich hervorragend f\u00fcr Make-Up Pl\u00e4tze, als Ablage f\u00fcr Kost\u00fcme oder als Catering-Tisch f\u00fcr die Set-AL.<\/p>\n<p>Informationen<\/p>\n<p>Ma\u00dfe (B\/T): 180x75cm (eingeklappt 90x75cm)<\/p>\n<p>Belastung: max. 200kg<\/p>\n","protected":false},"excerpt":{"rendered":"<p>Dieser schwarze Klapptisch mit Griff aus robustem PVC und beschichtetem Aluminiumgest\u00e4nge eignet sich hervorragend f\u00fcr Make-Up Pl\u00e4tze, als Ablage f\u00fcr Kost\u00fcme oder als Catering-Tisch f\u00fcr die Set-AL. Informationen Ma\u00dfe (B\/T): 180x75cm (eingeklappt 90x75cm) Belastung: max. 200kg<\/p>\n","protected":false},"featured_media":247,"comment_status":"closed","ping_status":"closed","template":"","meta":[],"product_brand":[],"product_cat":[37,25,21],"product_tag":[31,42,43,44,45],"class_list":{"0":"post-206","1":"product","2":"type-product","3":"status-publish","4":"has-post-thumbnail","6":"product_cat-kostuem","7":"product_cat-maske","8":"product_cat-set-al-equipment","9":"product_tag-klapptisch","10":"product_tag-kostuemtisch","11":"product_tag-maskentisch","12":"product_tag-set-al-tisch","13":"product_tag-tisch","15":"first","16":"instock","17":"shipping-taxable","18":"purchasable","19":"product-type-simple"},"_links":{"self":[{"href":"https:\/\/filmservicekoeln.de\/index.php?rest_route=\/wp\/v2\/product\/206","targetHints":{"allow":["GET"]}}],"collection":[{"href":"https:\/\/filmservicekoeln.de\/index.php?rest_route=\/wp\/v2\/product"}],"about":[{"href":"https:\/\/filmservicekoeln.de\/index.php?rest_route=\/wp\/v2\/types\/product"}],"replies":[{"embeddable":true,"href":"https:\/\/filmservicekoeln.de\/index.php?rest_route=%2Fwp%2Fv2%2Fcomments&post=206"}],"wp:featuredmedia":[{"embeddable":true,"href":"https:\/\/filmservicekoeln.de\/index.php?rest_route=\/wp\/v2\/media\/247"}],"wp:attachment":[{"href":"https:\/\/filmservicekoeln.de\/index.php?rest_route=%2Fwp%2Fv2%2Fmedia&parent=206"}],"wp:term":[{"taxonomy":"product_brand","embeddable":true,"href":"https:\/\/filmservicekoeln.de\/index.php?rest_route=%2Fwp%2Fv2%2Fproduct_brand&post=206"},{"taxonomy":"product_cat","embeddable":true,"href":"https:\/\/filmservicekoeln.de\/index.php?rest_route=%2Fwp%2Fv2%2Fproduct_cat&post=206"},{"taxonomy":"product_tag","embeddable":true,"href":"https:\/\/filmservicekoeln.de\/index.php?rest_route=%2Fwp%2Fv2%2Fproduct_tag&post=206"}],"curies":[{"name":"wp","href":"https:\/\/api.w.org\/{rel}","templated":true}]}}