{"id":132,"date":"2026-03-03T00:03:26","date_gmt":"2026-03-03T00:03:26","guid":{"rendered":"https:\/\/filmservicekoeln.de\/?page_id=132"},"modified":"2026-04-27T22:33:09","modified_gmt":"2026-04-27T22:33:09","slug":"maske","status":"publish","type":"page","link":"https:\/\/filmservicekoeln.de\/?page_id=132","title":{"rendered":"Maske"},"content":{"rendered":"\t\t<div data-elementor-type=\"wp-page\" data-elementor-id=\"132\" class=\"elementor elementor-132\" data-elementor-post-type=\"page\">\n\t\t\t\t\t\t<section class=\"elementor-section elementor-top-section elementor-element elementor-element-3a27398e elementor-section-boxed elementor-section-height-default elementor-section-height-default\" data-id=\"3a27398e\" data-element_type=\"section\" data-settings=\"{&quot;background_background&quot;:&quot;video&quot;,&quot;background_video_start&quot;:55,&quot;background_video_end&quot;:80}\">\n\t\t\t\t\t\t<div class=\"elementor-container elementor-column-gap-default\">\n\t\t\t\t\t<div class=\"elementor-column elementor-col-100 elementor-top-column elementor-element elementor-element-10742713\" data-id=\"10742713\" data-element_type=\"column\">\n\t\t\t<div class=\"elementor-widget-wrap elementor-element-populated\">\n\t\t\t\t\t\t<div class=\"elementor-element elementor-element-1c6e891e elementor-widget elementor-widget-spacer\" data-id=\"1c6e891e\" data-element_type=\"widget\" data-widget_type=\"spacer.default\">\n\t\t\t\t\t\t\t<div class=\"elementor-spacer\">\n\t\t\t<div class=\"elementor-spacer-inner\"><\/div>\n\t\t<\/div>\n\t\t\t\t\t\t<\/div>\n\t\t\t\t<div class=\"elementor-element elementor-element-2034ce01 elementor-widget elementor-widget-heading\" data-id=\"2034ce01\" data-element_type=\"widget\" data-widget_type=\"heading.default\">\n\t\t\t\t\t<h2 class=\"elementor-heading-title elementor-size-default\">Maske<\/h2>\t\t\t\t<\/div>\n\t\t\t\t<div class=\"elementor-element elementor-element-cac2183 elementor-widget elementor-widget-spacer\" data-id=\"cac2183\" data-element_type=\"widget\" data-widget_type=\"spacer.default\">\n\t\t\t\t\t\t\t<div class=\"elementor-spacer\">\n\t\t\t<div class=\"elementor-spacer-inner\"><\/div>\n\t\t<\/div>\n\t\t\t\t\t\t<\/div>\n\t\t\t\t\t<\/div>\n\t\t<\/div>\n\t\t\t\t\t<\/div>\n\t\t<\/section>\n\t\t\t\t<section class=\"elementor-section elementor-top-section elementor-element elementor-element-29823978 elementor-section-boxed elementor-section-height-default elementor-section-height-default\" data-id=\"29823978\" data-element_type=\"section\" data-settings=\"{&quot;background_background&quot;:&quot;classic&quot;}\">\n\t\t\t\t\t\t<div class=\"elementor-container elementor-column-gap-default\">\n\t\t\t\t\t<div class=\"elementor-column elementor-col-100 elementor-top-column elementor-element elementor-element-8f10bb4\" data-id=\"8f10bb4\" data-element_type=\"column\">\n\t\t\t<div class=\"elementor-widget-wrap elementor-element-populated\">\n\t\t\t\t\t\t<div class=\"elementor-element elementor-element-2fd552ff elementor-widget elementor-widget-spacer\" data-id=\"2fd552ff\" data-element_type=\"widget\" data-widget_type=\"spacer.default\">\n\t\t\t\t\t\t\t<div class=\"elementor-spacer\">\n\t\t\t<div class=\"elementor-spacer-inner\"><\/div>\n\t\t<\/div>\n\t\t\t\t\t\t<\/div>\n\t\t\t\t<div class=\"elementor-element elementor-element-417accda elementor-grid-5 elementor-grid-tablet-5 elementor-grid-mobile-2 elementor-products-grid elementor-wc-products elementor-widget elementor-widget-woocommerce-products\" data-id=\"417accda\" data-element_type=\"widget\" data-widget_type=\"woocommerce-products.default\">\n\t\t\t\t<div class=\"elementor-widget-container\">\n\t\t\t\t\t<div class=\"woocommerce columns-5 \"><ul class=\"products elementor-grid columns-5\">\n<li class=\"product type-product post-201 status-publish first instock product_cat-maske product_tag-klapptisch product_tag-make-up product_tag-maske product_tag-maskenspiegel product_tag-muelleimer product_tag-paravent product_tag-schminkspiegel product_tag-spiegel product_tag-stuhl has-post-thumbnail shipping-taxable purchasable product-type-simple\">\n\t<a href=\"https:\/\/filmservicekoeln.de\/?product=maskenplatz-set\" class=\"woocommerce-LoopProduct-link woocommerce-loop-product__link\"><img fetchpriority=\"high\" decoding=\"async\" width=\"300\" height=\"300\" src=\"https:\/\/filmservicekoeln.de\/wp-content\/uploads\/2026\/04\/IMG_0108-1-scaled-1-300x300.jpg\" class=\"attachment-woocommerce_thumbnail size-woocommerce_thumbnail\" alt=\"Maskenplatz-Set\" srcset=\"https:\/\/filmservicekoeln.de\/wp-content\/uploads\/2026\/04\/IMG_0108-1-scaled-1-300x300.jpg 300w, https:\/\/filmservicekoeln.de\/wp-content\/uploads\/2026\/04\/IMG_0108-1-scaled-1-1024x1024.jpg 1024w, https:\/\/filmservicekoeln.de\/wp-content\/uploads\/2026\/04\/IMG_0108-1-scaled-1-150x150.jpg 150w, https:\/\/filmservicekoeln.de\/wp-content\/uploads\/2026\/04\/IMG_0108-1-scaled-1-768x768.jpg 768w, https:\/\/filmservicekoeln.de\/wp-content\/uploads\/2026\/04\/IMG_0108-1-scaled-1-1536x1536.jpg 1536w, https:\/\/filmservicekoeln.de\/wp-content\/uploads\/2026\/04\/IMG_0108-1-scaled-1-2048x2048.jpg 2048w, https:\/\/filmservicekoeln.de\/wp-content\/uploads\/2026\/04\/IMG_0108-1-scaled-1-600x600.jpg 600w, https:\/\/filmservicekoeln.de\/wp-content\/uploads\/2026\/04\/IMG_0108-1-scaled-1-100x100.jpg 100w\" sizes=\"(max-width: 300px) 100vw, 300px\" \/><h2 class=\"woocommerce-loop-product__title\">Maskenplatz-Set<\/h2>\n\t<span class=\"price\"><span class=\"woocommerce-Price-amount amount\"><bdi>35,00&nbsp;<span class=\"woocommerce-Price-currencySymbol\">&euro;<\/span><\/bdi><\/span><\/span>\n<\/a><a href=\"\/index.php?rest_route=%2Fwp%2Fv2%2Fpages%2F132&#038;add-to-cart=201\" aria-describedby=\"woocommerce_loop_add_to_cart_link_describedby_201\" data-quantity=\"1\" class=\"button product_type_simple add_to_cart_button ajax_add_to_cart\" data-product_id=\"201\" data-product_sku=\"\" aria-label=\"In den Warenkorb legen: \u201eMaskenplatz-Set\u201c\" rel=\"nofollow\" data-success_message=\"\u201eMaskenplatz-Set\u201c wurde deinem Warenkorb hinzugef\u00fcgt\" role=\"button\">In den Warenkorb<\/a>\t<span id=\"woocommerce_loop_add_to_cart_link_describedby_201\" class=\"screen-reader-text\">\n\t\t\t<\/span>\n<\/li>\n<li class=\"product type-product post-200 status-publish instock product_cat-maske product_tag-make-up product_tag-maske product_tag-maskenspiegel product_tag-schminkspiegel product_tag-spiegel has-post-thumbnail shipping-taxable purchasable product-type-simple\">\n\t<a href=\"https:\/\/filmservicekoeln.de\/?product=maskenspiegel\" class=\"woocommerce-LoopProduct-link woocommerce-loop-product__link\"><img decoding=\"async\" width=\"300\" height=\"300\" src=\"https:\/\/filmservicekoeln.de\/wp-content\/uploads\/2026\/04\/Bildschirmfoto-2023-04-04-um-20.36.05-Kopie-1-300x300.png\" class=\"attachment-woocommerce_thumbnail size-woocommerce_thumbnail\" alt=\"Maskenspiegel\" srcset=\"https:\/\/filmservicekoeln.de\/wp-content\/uploads\/2026\/04\/Bildschirmfoto-2023-04-04-um-20.36.05-Kopie-1-300x300.png 300w, https:\/\/filmservicekoeln.de\/wp-content\/uploads\/2026\/04\/Bildschirmfoto-2023-04-04-um-20.36.05-Kopie-1-1024x1024.png 1024w, https:\/\/filmservicekoeln.de\/wp-content\/uploads\/2026\/04\/Bildschirmfoto-2023-04-04-um-20.36.05-Kopie-1-150x150.png 150w, https:\/\/filmservicekoeln.de\/wp-content\/uploads\/2026\/04\/Bildschirmfoto-2023-04-04-um-20.36.05-Kopie-1-768x768.png 768w, https:\/\/filmservicekoeln.de\/wp-content\/uploads\/2026\/04\/Bildschirmfoto-2023-04-04-um-20.36.05-Kopie-1-1536x1536.png 1536w, https:\/\/filmservicekoeln.de\/wp-content\/uploads\/2026\/04\/Bildschirmfoto-2023-04-04-um-20.36.05-Kopie-1-600x600.png 600w, https:\/\/filmservicekoeln.de\/wp-content\/uploads\/2026\/04\/Bildschirmfoto-2023-04-04-um-20.36.05-Kopie-1-100x100.png 100w, https:\/\/filmservicekoeln.de\/wp-content\/uploads\/2026\/04\/Bildschirmfoto-2023-04-04-um-20.36.05-Kopie-1.png 1772w\" sizes=\"(max-width: 300px) 100vw, 300px\" \/><h2 class=\"woocommerce-loop-product__title\">Maskenspiegel<\/h2>\n\t<span class=\"price\"><span class=\"woocommerce-Price-amount amount\"><bdi>22,50&nbsp;<span class=\"woocommerce-Price-currencySymbol\">&euro;<\/span><\/bdi><\/span><\/span>\n<\/a><a href=\"\/index.php?rest_route=%2Fwp%2Fv2%2Fpages%2F132&#038;add-to-cart=200\" aria-describedby=\"woocommerce_loop_add_to_cart_link_describedby_200\" data-quantity=\"1\" class=\"button product_type_simple add_to_cart_button ajax_add_to_cart\" data-product_id=\"200\" data-product_sku=\"\" aria-label=\"In den Warenkorb legen: \u201eMaskenspiegel\u201c\" rel=\"nofollow\" data-success_message=\"\u201eMaskenspiegel\u201c wurde deinem Warenkorb hinzugef\u00fcgt\" role=\"button\">In den Warenkorb<\/a>\t<span id=\"woocommerce_loop_add_to_cart_link_describedby_200\" class=\"screen-reader-text\">\n\t\t\t<\/span>\n<\/li>\n<li class=\"product type-product post-449 status-publish instock product_cat-beleuchtung product_cat-set-al-equipment has-post-thumbnail shipping-taxable purchasable product-type-simple\">\n\t<a href=\"https:\/\/filmservicekoeln.de\/?product=erhoehung-fuer-maskenspiegel\" class=\"woocommerce-LoopProduct-link woocommerce-loop-product__link\"><img decoding=\"async\" width=\"300\" height=\"300\" src=\"https:\/\/filmservicekoeln.de\/wp-content\/uploads\/2026\/04\/IMG_5592-2-1-scaled-1-300x300.jpg\" class=\"attachment-woocommerce_thumbnail size-woocommerce_thumbnail\" alt=\"Erh\u00f6hung f\u00fcr Maskenspiegel\" srcset=\"https:\/\/filmservicekoeln.de\/wp-content\/uploads\/2026\/04\/IMG_5592-2-1-scaled-1-300x300.jpg 300w, https:\/\/filmservicekoeln.de\/wp-content\/uploads\/2026\/04\/IMG_5592-2-1-scaled-1-1024x1024.jpg 1024w, https:\/\/filmservicekoeln.de\/wp-content\/uploads\/2026\/04\/IMG_5592-2-1-scaled-1-150x150.jpg 150w, https:\/\/filmservicekoeln.de\/wp-content\/uploads\/2026\/04\/IMG_5592-2-1-scaled-1-768x768.jpg 768w, https:\/\/filmservicekoeln.de\/wp-content\/uploads\/2026\/04\/IMG_5592-2-1-scaled-1-1536x1536.jpg 1536w, https:\/\/filmservicekoeln.de\/wp-content\/uploads\/2026\/04\/IMG_5592-2-1-scaled-1-2048x2048.jpg 2048w, https:\/\/filmservicekoeln.de\/wp-content\/uploads\/2026\/04\/IMG_5592-2-1-scaled-1-600x600.jpg 600w, https:\/\/filmservicekoeln.de\/wp-content\/uploads\/2026\/04\/IMG_5592-2-1-scaled-1-100x100.jpg 100w\" sizes=\"(max-width: 300px) 100vw, 300px\" \/><h2 class=\"woocommerce-loop-product__title\">Erh\u00f6hung f\u00fcr Maskenspiegel<\/h2>\n\t<span class=\"price\"><span class=\"woocommerce-Price-amount amount\"><bdi>3,00&nbsp;<span class=\"woocommerce-Price-currencySymbol\">&euro;<\/span><\/bdi><\/span><\/span>\n<\/a><a href=\"\/index.php?rest_route=%2Fwp%2Fv2%2Fpages%2F132&#038;add-to-cart=449\" aria-describedby=\"woocommerce_loop_add_to_cart_link_describedby_449\" data-quantity=\"1\" class=\"button product_type_simple add_to_cart_button ajax_add_to_cart\" data-product_id=\"449\" data-product_sku=\"\" aria-label=\"In den Warenkorb legen: \u201eErh\u00f6hung f\u00fcr Maskenspiegel\u201c\" rel=\"nofollow\" data-success_message=\"\u201eErh\u00f6hung f\u00fcr Maskenspiegel\u201c wurde deinem Warenkorb hinzugef\u00fcgt\" role=\"button\">In den Warenkorb<\/a>\t<span id=\"woocommerce_loop_add_to_cart_link_describedby_449\" class=\"screen-reader-text\">\n\t\t\t<\/span>\n<\/li>\n<li class=\"product type-product post-206 status-publish instock product_cat-kostuem product_cat-maske product_cat-set-al-equipment product_tag-klapptisch product_tag-kostuemtisch product_tag-maskentisch product_tag-set-al-tisch product_tag-tisch has-post-thumbnail shipping-taxable purchasable product-type-simple\">\n\t<a href=\"https:\/\/filmservicekoeln.de\/?product=klapptisch-schwarz\" class=\"woocommerce-LoopProduct-link woocommerce-loop-product__link\"><img loading=\"lazy\" decoding=\"async\" width=\"300\" height=\"300\" src=\"https:\/\/filmservicekoeln.de\/wp-content\/uploads\/2026\/04\/klapptisch-300x300.png\" class=\"attachment-woocommerce_thumbnail size-woocommerce_thumbnail\" alt=\"Klapptisch schwarz\" srcset=\"https:\/\/filmservicekoeln.de\/wp-content\/uploads\/2026\/04\/klapptisch-300x300.png 300w, https:\/\/filmservicekoeln.de\/wp-content\/uploads\/2026\/04\/klapptisch-150x150.png 150w, https:\/\/filmservicekoeln.de\/wp-content\/uploads\/2026\/04\/klapptisch-768x768.png 768w, https:\/\/filmservicekoeln.de\/wp-content\/uploads\/2026\/04\/klapptisch-600x600.png 600w, https:\/\/filmservicekoeln.de\/wp-content\/uploads\/2026\/04\/klapptisch-100x100.png 100w, https:\/\/filmservicekoeln.de\/wp-content\/uploads\/2026\/04\/klapptisch.png 960w\" sizes=\"(max-width: 300px) 100vw, 300px\" \/><h2 class=\"woocommerce-loop-product__title\">Klapptisch schwarz<\/h2>\n\t<span class=\"price\"><span class=\"woocommerce-Price-amount amount\"><bdi>3,00&nbsp;<span class=\"woocommerce-Price-currencySymbol\">&euro;<\/span><\/bdi><\/span><\/span>\n<\/a><a href=\"\/index.php?rest_route=%2Fwp%2Fv2%2Fpages%2F132&#038;add-to-cart=206\" aria-describedby=\"woocommerce_loop_add_to_cart_link_describedby_206\" data-quantity=\"1\" class=\"button product_type_simple add_to_cart_button ajax_add_to_cart\" data-product_id=\"206\" data-product_sku=\"\" aria-label=\"In den Warenkorb legen: \u201eKlapptisch schwarz\u201c\" rel=\"nofollow\" data-success_message=\"\u201eKlapptisch schwarz\u201c wurde deinem Warenkorb hinzugef\u00fcgt\" role=\"button\">In den Warenkorb<\/a>\t<span id=\"woocommerce_loop_add_to_cart_link_describedby_206\" class=\"screen-reader-text\">\n\t\t\t<\/span>\n<\/li>\n<li class=\"product type-product post-204 status-publish last instock product_cat-kostuem product_cat-maske product_cat-set-al-equipment product_tag-kamera product_tag-kostuem product_tag-make-up product_tag-maske product_tag-regie product_tag-regiestuhl product_tag-stuhl has-post-thumbnail shipping-taxable purchasable product-type-simple\">\n\t<a href=\"https:\/\/filmservicekoeln.de\/?product=regiestuhl-low\" class=\"woocommerce-LoopProduct-link woocommerce-loop-product__link\"><img loading=\"lazy\" decoding=\"async\" width=\"300\" height=\"300\" src=\"https:\/\/filmservicekoeln.de\/wp-content\/uploads\/2026\/04\/Klappstuhl.001-300x300.png\" class=\"attachment-woocommerce_thumbnail size-woocommerce_thumbnail\" alt=\"Regiestuhl low\" srcset=\"https:\/\/filmservicekoeln.de\/wp-content\/uploads\/2026\/04\/Klappstuhl.001-300x300.png 300w, https:\/\/filmservicekoeln.de\/wp-content\/uploads\/2026\/04\/Klappstuhl.001-150x150.png 150w, https:\/\/filmservicekoeln.de\/wp-content\/uploads\/2026\/04\/Klappstuhl.001-600x600.png 600w, https:\/\/filmservicekoeln.de\/wp-content\/uploads\/2026\/04\/Klappstuhl.001-100x100.png 100w, https:\/\/filmservicekoeln.de\/wp-content\/uploads\/2026\/04\/Klappstuhl.001.png 700w\" sizes=\"(max-width: 300px) 100vw, 300px\" \/><h2 class=\"woocommerce-loop-product__title\">Regiestuhl low<\/h2>\n\t<span class=\"price\"><span class=\"woocommerce-Price-amount amount\"><bdi>4,00&nbsp;<span class=\"woocommerce-Price-currencySymbol\">&euro;<\/span><\/bdi><\/span><\/span>\n<\/a><a href=\"\/index.php?rest_route=%2Fwp%2Fv2%2Fpages%2F132&#038;add-to-cart=204\" aria-describedby=\"woocommerce_loop_add_to_cart_link_describedby_204\" data-quantity=\"1\" class=\"button product_type_simple add_to_cart_button ajax_add_to_cart\" data-product_id=\"204\" data-product_sku=\"\" aria-label=\"In den Warenkorb legen: \u201eRegiestuhl low\u201c\" rel=\"nofollow\" data-success_message=\"\u201eRegiestuhl low\u201c wurde deinem Warenkorb hinzugef\u00fcgt\" role=\"button\">In den Warenkorb<\/a>\t<span id=\"woocommerce_loop_add_to_cart_link_describedby_204\" class=\"screen-reader-text\">\n\t\t\t<\/span>\n<\/li>\n<li class=\"product type-product post-203 status-publish first instock product_cat-kostuem product_cat-maske product_cat-set-al-equipment product_tag-kamera product_tag-kostuem product_tag-make-up product_tag-maske product_tag-regie product_tag-regiestuhl product_tag-stuhl has-post-thumbnail shipping-taxable purchasable product-type-simple\">\n\t<a href=\"https:\/\/filmservicekoeln.de\/?product=regiestuhl-high\" class=\"woocommerce-LoopProduct-link woocommerce-loop-product__link\"><img loading=\"lazy\" decoding=\"async\" width=\"300\" height=\"300\" src=\"https:\/\/filmservicekoeln.de\/wp-content\/uploads\/2026\/04\/Maskenstuhl.001-300x300.png\" class=\"attachment-woocommerce_thumbnail size-woocommerce_thumbnail\" alt=\"Regiestuhl high\" srcset=\"https:\/\/filmservicekoeln.de\/wp-content\/uploads\/2026\/04\/Maskenstuhl.001-300x300.png 300w, https:\/\/filmservicekoeln.de\/wp-content\/uploads\/2026\/04\/Maskenstuhl.001-150x150.png 150w, https:\/\/filmservicekoeln.de\/wp-content\/uploads\/2026\/04\/Maskenstuhl.001-600x600.png 600w, https:\/\/filmservicekoeln.de\/wp-content\/uploads\/2026\/04\/Maskenstuhl.001-100x100.png 100w, https:\/\/filmservicekoeln.de\/wp-content\/uploads\/2026\/04\/Maskenstuhl.001.png 768w\" sizes=\"(max-width: 300px) 100vw, 300px\" \/><h2 class=\"woocommerce-loop-product__title\">Regiestuhl high<\/h2>\n\t<span class=\"price\"><span class=\"woocommerce-Price-amount amount\"><bdi>6,00&nbsp;<span class=\"woocommerce-Price-currencySymbol\">&euro;<\/span><\/bdi><\/span><\/span>\n<\/a><a href=\"\/index.php?rest_route=%2Fwp%2Fv2%2Fpages%2F132&#038;add-to-cart=203\" aria-describedby=\"woocommerce_loop_add_to_cart_link_describedby_203\" data-quantity=\"1\" class=\"button product_type_simple add_to_cart_button ajax_add_to_cart\" data-product_id=\"203\" data-product_sku=\"\" aria-label=\"In den Warenkorb legen: \u201eRegiestuhl high\u201c\" rel=\"nofollow\" data-success_message=\"\u201eRegiestuhl high\u201c wurde deinem Warenkorb hinzugef\u00fcgt\" role=\"button\">In den Warenkorb<\/a>\t<span id=\"woocommerce_loop_add_to_cart_link_describedby_203\" class=\"screen-reader-text\">\n\t\t\t<\/span>\n<\/li>\n<li class=\"product type-product post-393 status-publish instock product_cat-kostuem product_cat-maske has-post-thumbnail shipping-taxable purchasable product-type-simple\">\n\t<a href=\"https:\/\/filmservicekoeln.de\/?product=hochsitz-fuer-maskenplatz\" class=\"woocommerce-LoopProduct-link woocommerce-loop-product__link\"><img loading=\"lazy\" decoding=\"async\" width=\"300\" height=\"300\" src=\"https:\/\/filmservicekoeln.de\/wp-content\/uploads\/2026\/04\/\u200eBilder_PNG.\u200e001-2-300x300.png\" class=\"attachment-woocommerce_thumbnail size-woocommerce_thumbnail\" alt=\"Hochsitz fu\u0308r Maskenplatz\" srcset=\"https:\/\/filmservicekoeln.de\/wp-content\/uploads\/2026\/04\/\u200eBilder_PNG.\u200e001-2-300x300.png 300w, https:\/\/filmservicekoeln.de\/wp-content\/uploads\/2026\/04\/\u200eBilder_PNG.\u200e001-2-150x150.png 150w, https:\/\/filmservicekoeln.de\/wp-content\/uploads\/2026\/04\/\u200eBilder_PNG.\u200e001-2-100x100.png 100w, https:\/\/filmservicekoeln.de\/wp-content\/uploads\/2026\/04\/\u200eBilder_PNG.\u200e001-2.png 500w\" sizes=\"(max-width: 300px) 100vw, 300px\" \/><h2 class=\"woocommerce-loop-product__title\">Hochsitz fu\u0308r Maskenplatz<\/h2>\n\t<span class=\"price\"><span class=\"woocommerce-Price-amount amount\"><bdi>5,00&nbsp;<span class=\"woocommerce-Price-currencySymbol\">&euro;<\/span><\/bdi><\/span><\/span>\n<\/a><a href=\"\/index.php?rest_route=%2Fwp%2Fv2%2Fpages%2F132&#038;add-to-cart=393\" aria-describedby=\"woocommerce_loop_add_to_cart_link_describedby_393\" data-quantity=\"1\" class=\"button product_type_simple add_to_cart_button ajax_add_to_cart\" data-product_id=\"393\" data-product_sku=\"\" aria-label=\"In den Warenkorb legen: \u201eHochsitz fu\u0308r Maskenplatz\u201c\" rel=\"nofollow\" data-success_message=\"\u201eHochsitz fu\u0308r Maskenplatz\u201c wurde deinem Warenkorb hinzugef\u00fcgt\" role=\"button\">In den Warenkorb<\/a>\t<span id=\"woocommerce_loop_add_to_cart_link_describedby_393\" class=\"screen-reader-text\">\n\t\t\t<\/span>\n<\/li>\n<li class=\"product type-product post-202 status-publish instock product_cat-maske product_cat-set-al-equipment product_tag-muellbehaelter product_tag-muelleimer product_tag-papierkorb has-post-thumbnail shipping-taxable purchasable product-type-simple\">\n\t<a href=\"https:\/\/filmservicekoeln.de\/?product=muellbehaelter-10l-weiss\" class=\"woocommerce-LoopProduct-link woocommerce-loop-product__link\"><img loading=\"lazy\" decoding=\"async\" width=\"300\" height=\"300\" src=\"https:\/\/filmservicekoeln.de\/wp-content\/uploads\/2026\/04\/\u200eOhne-Titel-3.\u200e001-300x300.png\" class=\"attachment-woocommerce_thumbnail size-woocommerce_thumbnail\" alt=\"M\u00fcllbeh\u00e4lter 10l wei\u00df\" srcset=\"https:\/\/filmservicekoeln.de\/wp-content\/uploads\/2026\/04\/\u200eOhne-Titel-3.\u200e001-300x300.png 300w, https:\/\/filmservicekoeln.de\/wp-content\/uploads\/2026\/04\/\u200eOhne-Titel-3.\u200e001-150x150.png 150w, https:\/\/filmservicekoeln.de\/wp-content\/uploads\/2026\/04\/\u200eOhne-Titel-3.\u200e001-100x100.png 100w, https:\/\/filmservicekoeln.de\/wp-content\/uploads\/2026\/04\/\u200eOhne-Titel-3.\u200e001.png 500w\" sizes=\"(max-width: 300px) 100vw, 300px\" \/><h2 class=\"woocommerce-loop-product__title\">M\u00fcllbeh\u00e4lter 10l wei\u00df<\/h2>\n\t<span class=\"price\"><span class=\"woocommerce-Price-amount amount\"><bdi>1,00&nbsp;<span class=\"woocommerce-Price-currencySymbol\">&euro;<\/span><\/bdi><\/span><\/span>\n<\/a><a href=\"\/index.php?rest_route=%2Fwp%2Fv2%2Fpages%2F132&#038;add-to-cart=202\" aria-describedby=\"woocommerce_loop_add_to_cart_link_describedby_202\" data-quantity=\"1\" class=\"button product_type_simple add_to_cart_button ajax_add_to_cart\" data-product_id=\"202\" data-product_sku=\"\" aria-label=\"In den Warenkorb legen: \u201eM\u00fcllbeh\u00e4lter 10l wei\u00df\u201c\" rel=\"nofollow\" data-success_message=\"\u201eM\u00fcllbeh\u00e4lter 10l wei\u00df\u201c wurde deinem Warenkorb hinzugef\u00fcgt\" role=\"button\">In den Warenkorb<\/a>\t<span id=\"woocommerce_loop_add_to_cart_link_describedby_202\" class=\"screen-reader-text\">\n\t\t\t<\/span>\n<\/li>\n<\/ul>\n<\/div>\t\t\t\t<\/div>\n\t\t\t\t<\/div>\n\t\t\t\t\t<\/div>\n\t\t<\/div>\n\t\t\t\t\t<\/div>\n\t\t<\/section>\n\t\t\t\t<section class=\"elementor-section elementor-top-section elementor-element elementor-element-1576cd6a elementor-section-full_width elementor-section-height-default elementor-section-height-default\" data-id=\"1576cd6a\" data-element_type=\"section\" data-settings=\"{&quot;background_background&quot;:&quot;classic&quot;}\">\n\t\t\t\t\t\t\t<div class=\"elementor-background-overlay\"><\/div>\n\t\t\t\t\t\t\t<div class=\"elementor-container elementor-column-gap-default\">\n\t\t\t\t\t<div class=\"elementor-column elementor-col-100 elementor-top-column elementor-element elementor-element-46c0cacb\" data-id=\"46c0cacb\" data-element_type=\"column\">\n\t\t\t<div class=\"elementor-widget-wrap elementor-element-populated\">\n\t\t\t\t\t\t<div class=\"elementor-element elementor-element-6cb74a6f elementor-widget elementor-widget-spacer\" data-id=\"6cb74a6f\" data-element_type=\"widget\" data-widget_type=\"spacer.default\">\n\t\t\t\t\t\t\t<div class=\"elementor-spacer\">\n\t\t\t<div class=\"elementor-spacer-inner\"><\/div>\n\t\t<\/div>\n\t\t\t\t\t\t<\/div>\n\t\t\t\t<section class=\"elementor-section elementor-inner-section elementor-element elementor-element-66a698bf elementor-section-full_width elementor-section-height-default elementor-section-height-default\" data-id=\"66a698bf\" data-element_type=\"section\">\n\t\t\t\t\t\t<div class=\"elementor-container elementor-column-gap-default\">\n\t\t\t\t\t<div class=\"elementor-column elementor-col-50 elementor-inner-column elementor-element elementor-element-264b7753\" data-id=\"264b7753\" data-element_type=\"column\">\n\t\t\t<div class=\"elementor-widget-wrap\">\n\t\t\t\t\t\t\t<\/div>\n\t\t<\/div>\n\t\t\t\t<div class=\"elementor-column elementor-col-50 elementor-inner-column elementor-element elementor-element-2578d376\" data-id=\"2578d376\" data-element_type=\"column\">\n\t\t\t<div class=\"elementor-widget-wrap elementor-element-populated\">\n\t\t\t\t\t\t<div class=\"elementor-element elementor-element-4f19ca48 elementor-widget elementor-widget-icon-box\" data-id=\"4f19ca48\" data-element_type=\"widget\" data-widget_type=\"icon-box.default\">\n\t\t\t\t\t\t\t<div class=\"elementor-icon-box-wrapper\">\n\n\t\t\t\n\t\t\t\t\t\t<div class=\"elementor-icon-box-content\">\n\n\t\t\t\t\t\t\t\t\t<h3 class=\"elementor-icon-box-title\">\n\t\t\t\t\t\t<span  >\n\t\t\t\t\t\t\tMaskenpl\u00e4tze bei uns mieten!<br><span style=\"font-weight: normal\">Auf Wunsch inkl. Auf- und Abbau\n<\/span>\t\t\t\t\t\t<\/span>\n\t\t\t\t\t<\/h3>\n\t\t\t\t\n\t\t\t\t\n\t\t\t<\/div>\n\t\t\t\n\t\t<\/div>\n\t\t\t\t\t\t<\/div>\n\t\t\t\t<div class=\"elementor-element elementor-element-23287324 elementor-align-center elementor-icon-list--layout-traditional elementor-list-item-link-full_width elementor-widget elementor-widget-icon-list\" data-id=\"23287324\" data-element_type=\"widget\" data-widget_type=\"icon-list.default\">\n\t\t\t\t\t\t\t<ul class=\"elementor-icon-list-items\">\n\t\t\t\t\t\t\t<li class=\"elementor-icon-list-item\">\n\t\t\t\t\t\t\t\t\t\t\t<a href=\"https:\/\/filmserviceberlin.de\/produkt\/maskenspiegel-kombi\">\n\n\t\t\t\t\t\t\t\t\t\t\t<span class=\"elementor-icon-list-text\">schon ab 20,00\u20ac pro Tag!<\/span>\n\t\t\t\t\t\t\t\t\t\t\t<\/a>\n\t\t\t\t\t\t\t\t\t<\/li>\n\t\t\t\t\t\t<\/ul>\n\t\t\t\t\t\t<\/div>\n\t\t\t\t\t<\/div>\n\t\t<\/div>\n\t\t\t\t\t<\/div>\n\t\t<\/section>\n\t\t\t\t\t<\/div>\n\t\t<\/div>\n\t\t\t\t\t<\/div>\n\t\t<\/section>\n\t\t\t\t<\/div>\n\t\t","protected":false},"excerpt":{"rendered":"<p>Maske Maskenpl\u00e4tze bei uns mieten!Auf Wunsch inkl. Auf- und Abbau schon ab 20,00\u20ac pro Tag!<\/p>\n","protected":false},"author":1,"featured_media":0,"parent":0,"menu_order":0,"comment_status":"closed","ping_status":"closed","template":"","meta":{"footnotes":""},"class_list":["post-132","page","type-page","status-publish","hentry"],"_links":{"self":[{"href":"https:\/\/filmservicekoeln.de\/index.php?rest_route=\/wp\/v2\/pages\/132","targetHints":{"allow":["GET"]}}],"collection":[{"href":"https:\/\/filmservicekoeln.de\/index.php?rest_route=\/wp\/v2\/pages"}],"about":[{"href":"https:\/\/filmservicekoeln.de\/index.php?rest_route=\/wp\/v2\/types\/page"}],"author":[{"embeddable":true,"href":"https:\/\/filmservicekoeln.de\/index.php?rest_route=\/wp\/v2\/users\/1"}],"replies":[{"embeddable":true,"href":"https:\/\/filmservicekoeln.de\/index.php?rest_route=%2Fwp%2Fv2%2Fcomments&post=132"}],"version-history":[{"count":4,"href":"https:\/\/filmservicekoeln.de\/index.php?rest_route=\/wp\/v2\/pages\/132\/revisions"}],"predecessor-version":[{"id":555,"href":"https:\/\/filmservicekoeln.de\/index.php?rest_route=\/wp\/v2\/pages\/132\/revisions\/555"}],"wp:attachment":[{"href":"https:\/\/filmservicekoeln.de\/index.php?rest_route=%2Fwp%2Fv2%2Fmedia&parent=132"}],"curies":[{"name":"wp","href":"https:\/\/api.w.org\/{rel}","templated":true}]}}